{"id":33,"date":"2020-03-05T14:30:30","date_gmt":"2020-03-05T14:30:30","guid":{"rendered":"http:\/\/the-hoeck.de\/?page_id=33"},"modified":"2022-11-10T09:57:14","modified_gmt":"2022-11-10T09:57:14","slug":"impressum","status":"publish","type":"page","link":"https:\/\/the-hoeck.de\/?page_id=33","title":{"rendered":"Impressum"},"content":{"rendered":"\t\t<div data-elementor-type=\"wp-page\" data-elementor-id=\"33\" class=\"elementor elementor-33\">\n\t\t\t\t\t\t<div class=\"elementor-inner\">\n\t\t\t\t<div class=\"elementor-section-wrap\">\n\t\t\t\t\t\t\t\t\t<section class=\"elementor-section elementor-top-section elementor-element elementor-element-486a4db elementor-section-boxed elementor-section-height-default elementor-section-height-default\" data-id=\"486a4db\" data-element_type=\"section\">\n\t\t\t\t\t\t<div class=\"elementor-container elementor-column-gap-default\">\n\t\t\t\t\t\t\t<div class=\"elementor-row\">\n\t\t\t\t\t<div class=\"elementor-column elementor-col-100 elementor-top-column elementor-element elementor-element-ea35f96\" data-id=\"ea35f96\" data-element_type=\"column\">\n\t\t\t<div class=\"elementor-column-wrap elementor-element-populated\">\n\t\t\t\t\t\t\t<div class=\"elementor-widget-wrap\">\n\t\t\t\t\t\t<div class=\"elementor-element elementor-element-028f5ee elementor-widget elementor-widget-text-editor\" data-id=\"028f5ee\" data-element_type=\"widget\" data-widget_type=\"text-editor.default\">\n\t\t\t\t<div class=\"elementor-widget-container\">\n\t\t\t\t\t\t\t\t<div class=\"elementor-text-editor elementor-clearfix\">\n\t\t\t\t<p class=\"Normal tm6\"><span class=\"tm7\">Simon H\u00f6cky<\/span><strong><span class=\"tm8\"><br \/><\/span><\/strong><span class=\"tm7\">Paracelsusstr. 48<br \/>53177 Bonn<\/span><\/p><p>E-Mail: <u><a href=\"mailto:simon@the-hoeck.de\"><span class=\"tm7\">simon@the-hoeck.de<\/span><\/a><\/u><\/p><p class=\"Normal tm6\"><span class=\"tm7\">Umsatzsteuer-Identifikationsnummer gem\u00e4\u00df \u00a7 27a UStG: DE320158765 <\/span><\/p><p class=\"Normal tm6\"><span class=\"tm7\">Inhaltlich verantwortlich i.S.v. \u00a7 55 Abs. 2 RStV:<\/span><\/p><p class=\"Normal tm6\"><span class=\"tm7\">Simon H\u00f6cky, Paracelsusstr. 48, 53177 Bonn<\/span><\/p><p class=\"Normal tm6\"><span class=\"tm7\">Dieses Impressum gilt auch f\u00fcr folgende Social-Media-Profile:<br \/><\/span><\/p><ul class=\"Normal tm6 tm9\"><li class=\"tm10\"><span class=\"tm7\">https:\/\/www.facebook.com\/simon.hocky.5<\/span><\/li><li class=\"Normal tm6 tm10\"><span class=\"tm7\">https:\/\/www.xing.com\/profile\/Simon_Hoecky\/cv<\/span><\/li><li class=\"Normal tm6 tm10\"><span class=\"tm7\">https:\/\/www.linkedin.com\/in\/simon-h%C3%B6cky-bb111788\/<\/span><\/li><\/ul><p><span class=\"tm7\">\u00a0<\/span><span class=\"tm7\">Quelle: <\/span><u><a href=\"https:\/\/www.ra-plutte.de\/impressum-generator\/\"><span class=\"tm7\">www.ra-plutte.de\/impressum-generator\/<\/span><\/a><\/u><\/p>\t\t\t\t\t<\/div>\n\t\t\t\t\t\t<\/div>\n\t\t\t\t<\/div>\n\t\t\t\t\t\t<\/div>\n\t\t\t\t\t<\/div>\n\t\t<\/div>\n\t\t\t\t\t\t\t\t<\/div>\n\t\t\t\t\t<\/div>\n\t\t<\/section>\n\t\t\t\t\t\t\t\t\t<\/div>\n\t\t\t<\/div>\n\t\t\t\t\t<\/div>\n\t\t","protected":false},"excerpt":{"rendered":"<p>Simon H\u00f6cky Paracelsusstr. 48 53177 Bonn E-Mail: simon@the-hoeck.de Umsatzsteuer-Identifikationsnummer gem\u00e4\u00df \u00a7 27a UStG: DE320158765 Inhaltlich verantwortlich i.S.v. \u00a7 55 Abs. 2 RStV: Simon H\u00f6cky, Paracelsusstr. 48, 53177 Bonn Dieses Impressum gilt auch f\u00fcr folgende Social-Media-Profile: https:\/\/www.facebook.com\/simon.hocky.5 https:\/\/www.xing.com\/profile\/Simon_Hoecky\/cv https:\/\/www.linkedin.com\/in\/simon-h%C3%B6cky-bb111788\/ &nbsp;Quelle: www.ra-plutte.de\/impressum-generator\/<\/p>\n","protected":false},"author":1,"featured_media":0,"parent":0,"menu_order":0,"comment_status":"closed","ping_status":"closed","template":"","meta":{"ocean_post_layout":"","ocean_both_sidebars_style":"","ocean_both_sidebars_content_width":0,"ocean_both_sidebars_sidebars_width":0,"ocean_sidebar":"0","ocean_second_sidebar":"0","ocean_disable_margins":"enable","ocean_add_body_class":"","ocean_shortcode_before_top_bar":"","ocean_shortcode_after_top_bar":"","ocean_shortcode_before_header":"","ocean_shortcode_after_header":"","ocean_has_shortcode":"","ocean_shortcode_after_title":"","ocean_shortcode_before_footer_widgets":"","ocean_shortcode_after_footer_widgets":"","ocean_shortcode_before_footer_bottom":"","ocean_shortcode_after_footer_bottom":"","ocean_display_top_bar":"default","ocean_display_header":"default","ocean_header_style":"","ocean_center_header_left_menu":"0","ocean_custom_header_template":"0","ocean_custom_logo":0,"ocean_custom_retina_logo":0,"ocean_custom_logo_max_width":0,"ocean_custom_logo_tablet_max_width":0,"ocean_custom_logo_mobile_max_width":0,"ocean_custom_logo_max_height":0,"ocean_custom_logo_tablet_max_height":0,"ocean_custom_logo_mobile_max_height":0,"ocean_header_custom_menu":"0","ocean_menu_typo_font_family":"0","ocean_menu_typo_font_subset":"","ocean_menu_typo_font_size":0,"ocean_menu_typo_font_size_tablet":0,"ocean_menu_typo_font_size_mobile":0,"ocean_menu_typo_font_size_unit":"px","ocean_menu_typo_font_weight":"","ocean_menu_typo_font_weight_tablet":"","ocean_menu_typo_font_weight_mobile":"","ocean_menu_typo_transform":"","ocean_menu_typo_transform_tablet":"","ocean_menu_typo_transform_mobile":"","ocean_menu_typo_line_height":0,"ocean_menu_typo_line_height_tablet":0,"ocean_menu_typo_line_height_mobile":0,"ocean_menu_typo_line_height_unit":"","ocean_menu_typo_spacing":0,"ocean_menu_typo_spacing_tablet":0,"ocean_menu_typo_spacing_mobile":0,"ocean_menu_typo_spacing_unit":"","ocean_menu_link_color":"","ocean_menu_link_color_hover":"","ocean_menu_link_color_active":"","ocean_menu_link_background":"","ocean_menu_link_hover_background":"","ocean_menu_link_active_background":"","ocean_menu_social_links_bg":"","ocean_menu_social_hover_links_bg":"","ocean_menu_social_links_color":"","ocean_menu_social_hover_links_color":"","ocean_disable_title":"default","ocean_disable_heading":"default","ocean_post_title":"","ocean_post_subheading":"","ocean_post_title_style":"","ocean_post_title_background_color":"","ocean_post_title_background":0,"ocean_post_title_bg_image_position":"","ocean_post_title_bg_image_attachment":"","ocean_post_title_bg_image_repeat":"","ocean_post_title_bg_image_size":"","ocean_post_title_height":0,"ocean_post_title_bg_overlay":0.5,"ocean_post_title_bg_overlay_color":"","ocean_disable_breadcrumbs":"default","ocean_breadcrumbs_color":"","ocean_breadcrumbs_separator_color":"","ocean_breadcrumbs_links_color":"","ocean_breadcrumbs_links_hover_color":"","ocean_display_footer_widgets":"default","ocean_display_footer_bottom":"default","ocean_custom_footer_template":"0","footnotes":""},"class_list":["post-33","page","type-page","status-publish","hentry","entry"],"_links":{"self":[{"href":"https:\/\/the-hoeck.de\/index.php?rest_route=\/wp\/v2\/pages\/33","targetHints":{"allow":["GET"]}}],"collection":[{"href":"https:\/\/the-hoeck.de\/index.php?rest_route=\/wp\/v2\/pages"}],"about":[{"href":"https:\/\/the-hoeck.de\/index.php?rest_route=\/wp\/v2\/types\/page"}],"author":[{"embeddable":true,"href":"https:\/\/the-hoeck.de\/index.php?rest_route=\/wp\/v2\/users\/1"}],"replies":[{"embeddable":true,"href":"https:\/\/the-hoeck.de\/index.php?rest_route=%2Fwp%2Fv2%2Fcomments&post=33"}],"version-history":[{"count":4,"href":"https:\/\/the-hoeck.de\/index.php?rest_route=\/wp\/v2\/pages\/33\/revisions"}],"predecessor-version":[{"id":95,"href":"https:\/\/the-hoeck.de\/index.php?rest_route=\/wp\/v2\/pages\/33\/revisions\/95"}],"wp:attachment":[{"href":"https:\/\/the-hoeck.de\/index.php?rest_route=%2Fwp%2Fv2%2Fmedia&parent=33"}],"curies":[{"name":"wp","href":"https:\/\/api.w.org\/{rel}","templated":true}]}}